{"id":156,"date":"2025-03-21T09:34:22","date_gmt":"2025-03-21T09:34:22","guid":{"rendered":"https:\/\/kactusdigital.com\/benja\/?post_type=product&#038;p=156"},"modified":"2025-03-21T09:34:22","modified_gmt":"2025-03-21T09:34:22","slug":"lifting-eye-gel","status":"publish","type":"product","link":"https:\/\/kactusdigital.com\/benja\/product\/lifting-eye-gel\/","title":{"rendered":"Lifting Eye Gel"},"content":{"rendered":"<p><span style=\"font-weight: 400;\">Es un gel ligero, refrescante y humectante, con efecto tensor y desinflamante, lo que ayuda a mejorar la apariencia de las l\u00edneas de expresi\u00f3n, de las bolsas y las ojeras. Ofrece varios beneficios en un solo producto, ha sido desarrollada con activos espec\u00edficos para cuidar la delicada piel de la zona de contorno de ojos, con propiedades humectantes y antiarrugas.<\/span><\/p>\n<p><b>Activos principales<\/b><\/p>\n<ul>\n<li><span style=\"font-weight: 400;\"> Argirelina<\/span><\/li>\n<li><span style=\"font-weight: 400;\"> Extracto de semillas de trigo \u2022 Acetil tetrapeptido-5 C\u00e9lulas madre vegetales<\/span><\/li>\n<li><span style=\"font-weight: 400;\"> Metil gluc\u00f3sido (ingrediente a base de ma\u00edz)<\/span><\/li>\n<li><span style=\"font-weight: 400;\"> Aceite de Arg\u00e1n \u2022 Col\u00e1geno<\/span><\/li>\n<li><span style=\"font-weight: 400;\"> Extracto de aloe vera<\/span><\/li>\n<li><span style=\"font-weight: 400;\"> Extracto de levadura de cerveza<\/span><\/li>\n<li><span style=\"font-weight: 400;\"> Extracto de \u00e1rnica<\/span><\/li>\n<\/ul>\n<p><b>Modo de uso<\/b><\/p>\n<p><span style=\"font-weight: 400;\">Aplicar una peque\u00f1a cantidad en el contorno de los ojos sobre la piel limpia y seca, dando un ligero masaje con movimientos circulares suaves hasta su total absorci\u00f3n.<\/span><\/p>\n","protected":false},"excerpt":{"rendered":"<p><span style=\"font-weight: 400;\">Es un gel ligero, refrescante y humectante, con efecto tensor y desinflamante, lo que ayuda a mejorar la apariencia de las l\u00edneas de expresi\u00f3n, de las bolsas y las ojeras.<\/span><\/p>\n","protected":false},"featured_media":146,"comment_status":"open","ping_status":"closed","template":"","meta":{"site-sidebar-layout":"default","site-content-layout":"","ast-site-content-layout":"default","site-content-style":"default","site-sidebar-style":"default","ast-global-header-display":"","ast-banner-title-visibility":"","ast-main-header-display":"","ast-hfb-above-header-display":"","ast-hfb-below-header-display":"","ast-hfb-mobile-header-display":"","site-post-title":"","ast-breadcrumbs-content":"","ast-featured-img":"","footer-sml-layout":"","ast-disable-related-posts":"","theme-transparent-header-meta":"default","adv-header-id-meta":"","stick-header-meta":"","header-above-stick-meta":"","header-main-stick-meta":"","header-below-stick-meta":"","astra-migrate-meta-layouts":"set","ast-page-background-enabled":"default","ast-page-background-meta":{"desktop":{"background-color":"var(--ast-global-color-5)","background-image":"","background-repeat":"repeat","background-position":"center center","background-size":"auto","background-attachment":"scroll","background-type":"","background-media":"","overlay-type":"","overlay-color":"","overlay-opacity":"","overlay-gradient":""},"tablet":{"background-color":"","background-image":"","background-repeat":"repeat","background-position":"center center","background-size":"auto","background-attachment":"scroll","background-type":"","background-media":"","overlay-type":"","overlay-color":"","overlay-opacity":"","overlay-gradient":""},"mobile":{"background-color":"","background-image":"","background-repeat":"repeat","background-position":"center center","background-size":"auto","background-attachment":"scroll","background-type":"","background-media":"","overlay-type":"","overlay-color":"","overlay-opacity":"","overlay-gradient":""}},"ast-content-background-meta":{"desktop":{"background-color":"var(--ast-global-color-4)","background-image":"","background-repeat":"repeat","background-position":"center center","background-size":"auto","background-attachment":"scroll","background-type":"","background-media":"","overlay-type":"","overlay-color":"","overlay-opacity":"","overlay-gradient":""},"tablet":{"background-color":"var(--ast-global-color-4)","background-image":"","background-repeat":"repeat","background-position":"center center","background-size":"auto","background-attachment":"scroll","background-type":"","background-media":"","overlay-type":"","overlay-color":"","overlay-opacity":"","overlay-gradient":""},"mobile":{"background-color":"var(--ast-global-color-4)","background-image":"","background-repeat":"repeat","background-position":"center center","background-size":"auto","background-attachment":"scroll","background-type":"","background-media":"","overlay-type":"","overlay-color":"","overlay-opacity":"","overlay-gradient":""}}},"product_brand":[],"product_cat":[19,20],"product_tag":[],"class_list":{"0":"post-156","1":"product","2":"type-product","3":"status-publish","4":"has-post-thumbnail","6":"product_cat-belleza","7":"product_cat-productos","8":"desktop-align-left","9":"tablet-align-left","10":"mobile-align-left","12":"first","13":"instock","14":"shipping-taxable","15":"product-type-simple"},"jetpack_sharing_enabled":true,"_links":{"self":[{"href":"https:\/\/kactusdigital.com\/benja\/wp-json\/wp\/v2\/product\/156","targetHints":{"allow":["GET"]}}],"collection":[{"href":"https:\/\/kactusdigital.com\/benja\/wp-json\/wp\/v2\/product"}],"about":[{"href":"https:\/\/kactusdigital.com\/benja\/wp-json\/wp\/v2\/types\/product"}],"replies":[{"embeddable":true,"href":"https:\/\/kactusdigital.com\/benja\/wp-json\/wp\/v2\/comments?post=156"}],"wp:featuredmedia":[{"embeddable":true,"href":"https:\/\/kactusdigital.com\/benja\/wp-json\/wp\/v2\/media\/146"}],"wp:attachment":[{"href":"https:\/\/kactusdigital.com\/benja\/wp-json\/wp\/v2\/media?parent=156"}],"wp:term":[{"taxonomy":"product_brand","embeddable":true,"href":"https:\/\/kactusdigital.com\/benja\/wp-json\/wp\/v2\/product_brand?post=156"},{"taxonomy":"product_cat","embeddable":true,"href":"https:\/\/kactusdigital.com\/benja\/wp-json\/wp\/v2\/product_cat?post=156"},{"taxonomy":"product_tag","embeddable":true,"href":"https:\/\/kactusdigital.com\/benja\/wp-json\/wp\/v2\/product_tag?post=156"}],"curies":[{"name":"wp","href":"https:\/\/api.w.org\/{rel}","templated":true}]}}