{"id":154,"date":"2025-03-21T09:28:51","date_gmt":"2025-03-21T09:28:51","guid":{"rendered":"https:\/\/kactusdigital.com\/benja\/?post_type=product&#038;p=154"},"modified":"2025-03-21T09:28:51","modified_gmt":"2025-03-21T09:28:51","slug":"inner-heart","status":"publish","type":"product","link":"https:\/\/kactusdigital.com\/benja\/product\/inner-heart\/","title":{"rendered":"Inner Heart"},"content":{"rendered":"<p><span style=\"font-weight: 400;\">Aceite en roll on ideal para un masaje corporal relajante que libera la tensi\u00f3n de las sienes, el cuello y la nuca. Se puede oler nuestra mezcla de aceites esenciales puros con una respiraci\u00f3n profunda para disfrutar de los aromas relajantes. Cuenta con una bola de acero inoxidable para una f\u00e1cil aplicaci\u00f3n en los puntos de pulso.<\/span><\/p>\n<p><span style=\"font-weight: 400;\">Ll\u00e9valo contigo a todas partes para mantener la calma en todo momento.<\/span><\/p>\n<p><b>Activos principales<\/b><\/p>\n<ul>\n<li><span style=\"font-weight: 400;\"> Aceite de Arg\u00e1n<\/span><\/li>\n<li><span style=\"font-weight: 400;\"> Aceite de almendras \u2022 Aceite de jojoba<\/span><\/li>\n<li><span style=\"font-weight: 400;\"> Aceite de lavanda, ylang ylang, romero, menta \u2022 Extracto de rosa mosqueta<\/span><\/li>\n<\/ul>\n<p><b>Modo de uso<\/b><\/p>\n<p><span style=\"font-weight: 400;\">Aplicar en puntos de pulso con un suave masaje, una peque\u00f1a cantidad en las sienes, la frente, el cuello o la nuca.<\/span><\/p>\n","protected":false},"excerpt":{"rendered":"<p><span style=\"font-weight: 400;\">Aceite en roll on ideal para un masaje corporal relajante que libera la tensi\u00f3n de las sienes, el cuello y la nuca.<\/span><\/p>\n","protected":false},"featured_media":155,"comment_status":"open","ping_status":"closed","template":"","meta":{"site-sidebar-layout":"default","site-content-layout":"","ast-site-content-layout":"default","site-content-style":"default","site-sidebar-style":"default","ast-global-header-display":"","ast-banner-title-visibility":"","ast-main-header-display":"","ast-hfb-above-header-display":"","ast-hfb-below-header-display":"","ast-hfb-mobile-header-display":"","site-post-title":"","ast-breadcrumbs-content":"","ast-featured-img":"","footer-sml-layout":"","ast-disable-related-posts":"","theme-transparent-header-meta":"default","adv-header-id-meta":"","stick-header-meta":"","header-above-stick-meta":"","header-main-stick-meta":"","header-below-stick-meta":"","astra-migrate-meta-layouts":"set","ast-page-background-enabled":"default","ast-page-background-meta":{"desktop":{"background-color":"var(--ast-global-color-5)","background-image":"","background-repeat":"repeat","background-position":"center center","background-size":"auto","background-attachment":"scroll","background-type":"","background-media":"","overlay-type":"","overlay-color":"","overlay-opacity":"","overlay-gradient":""},"tablet":{"background-color":"","background-image":"","background-repeat":"repeat","background-position":"center center","background-size":"auto","background-attachment":"scroll","background-type":"","background-media":"","overlay-type":"","overlay-color":"","overlay-opacity":"","overlay-gradient":""},"mobile":{"background-color":"","background-image":"","background-repeat":"repeat","background-position":"center center","background-size":"auto","background-attachment":"scroll","background-type":"","background-media":"","overlay-type":"","overlay-color":"","overlay-opacity":"","overlay-gradient":""}},"ast-content-background-meta":{"desktop":{"background-color":"var(--ast-global-color-4)","background-image":"","background-repeat":"repeat","background-position":"center center","background-size":"auto","background-attachment":"scroll","background-type":"","background-media":"","overlay-type":"","overlay-color":"","overlay-opacity":"","overlay-gradient":""},"tablet":{"background-color":"var(--ast-global-color-4)","background-image":"","background-repeat":"repeat","background-position":"center center","background-size":"auto","background-attachment":"scroll","background-type":"","background-media":"","overlay-type":"","overlay-color":"","overlay-opacity":"","overlay-gradient":""},"mobile":{"background-color":"var(--ast-global-color-4)","background-image":"","background-repeat":"repeat","background-position":"center center","background-size":"auto","background-attachment":"scroll","background-type":"","background-media":"","overlay-type":"","overlay-color":"","overlay-opacity":"","overlay-gradient":""}}},"product_brand":[],"product_cat":[19,20],"product_tag":[],"class_list":{"0":"post-154","1":"product","2":"type-product","3":"status-publish","4":"has-post-thumbnail","6":"product_cat-belleza","7":"product_cat-productos","8":"desktop-align-left","9":"tablet-align-left","10":"mobile-align-left","12":"first","13":"instock","14":"shipping-taxable","15":"product-type-simple"},"jetpack_sharing_enabled":true,"_links":{"self":[{"href":"https:\/\/kactusdigital.com\/benja\/wp-json\/wp\/v2\/product\/154","targetHints":{"allow":["GET"]}}],"collection":[{"href":"https:\/\/kactusdigital.com\/benja\/wp-json\/wp\/v2\/product"}],"about":[{"href":"https:\/\/kactusdigital.com\/benja\/wp-json\/wp\/v2\/types\/product"}],"replies":[{"embeddable":true,"href":"https:\/\/kactusdigital.com\/benja\/wp-json\/wp\/v2\/comments?post=154"}],"wp:featuredmedia":[{"embeddable":true,"href":"https:\/\/kactusdigital.com\/benja\/wp-json\/wp\/v2\/media\/155"}],"wp:attachment":[{"href":"https:\/\/kactusdigital.com\/benja\/wp-json\/wp\/v2\/media?parent=154"}],"wp:term":[{"taxonomy":"product_brand","embeddable":true,"href":"https:\/\/kactusdigital.com\/benja\/wp-json\/wp\/v2\/product_brand?post=154"},{"taxonomy":"product_cat","embeddable":true,"href":"https:\/\/kactusdigital.com\/benja\/wp-json\/wp\/v2\/product_cat?post=154"},{"taxonomy":"product_tag","embeddable":true,"href":"https:\/\/kactusdigital.com\/benja\/wp-json\/wp\/v2\/product_tag?post=154"}],"curies":[{"name":"wp","href":"https:\/\/api.w.org\/{rel}","templated":true}]}}