{"id":149,"date":"2025-03-21T09:03:45","date_gmt":"2025-03-21T09:03:45","guid":{"rendered":"https:\/\/kactusdigital.com\/benja\/?post_type=product&#038;p=149"},"modified":"2025-03-21T09:11:03","modified_gmt":"2025-03-21T09:11:03","slug":"n-colageno","status":"publish","type":"product","link":"https:\/\/kactusdigital.com\/benja\/product\/n-colageno\/","title":{"rendered":"N-Col\u00e1geno"},"content":{"rendered":"<p><span style=\"font-weight: 400;\">EI N-Col\u00e1geno Hidrolizado de Nutryness es de r\u00e1pida absorci\u00f3n, brinda acci\u00f3n ben\u00e9fica en la piel, cabello, u\u00f1as, articulaciones y organismo en general, debido a su alto contenido en amino\u00e1cidos, los cuales son sintetizados en el organismo como col\u00e1geno estructural, responsable de la tensi\u00f3n y elasticidad de la piel.<\/span><\/p>\n<p><span style=\"font-weight: 400;\">El magnesio ayuda a la creaci\u00f3n de tejidos, s\u00edntesis de prote\u00ednas, fija el calcio en los huesos, da equilibrio al sistema nervioso y en conjunto con el col\u00e1geno, ayuda a combatir el cansancio y la debilidad f\u00edsica, fortaleciendo los huesos y disminuyendo la fatiga mental. Otro de los efectos sobre la piel, es la disminuci\u00f3n del exceso de sudor y el consecuente mal olor.<\/span><\/p>\n<p><span style=\"font-weight: 400;\">La biotina ayuda a metabolizar los carbohidratos, las grasas y los amino\u00e1cidos. Tambi\u00e9n puede ser \u00fatil para mantener un nivel constante de az\u00facar en la sangre y a menudo se recomienda como suplemento diet\u00e9tico para fortalecer el cabello y las u\u00f1as.<\/span><\/p>\n<p><span style=\"font-weight: 400;\">Como todas las vitaminas B, es soluble en agua, lo que significa que el cuerpo no la almacena, el sobrante es desechado a trav\u00e9s de la orina. Las vitaminas del complejo B son necesarias para la piel, cabello, ojos e h\u00edgado saludable.<\/span><\/p>\n<p><span style=\"font-weight: 400;\">El silicio reestructura las fibras de col\u00e1geno y elastina. Adem\u00e1s de ser un refuerzo para las defensas del sistema inmunol\u00f3gico, ya que proporciona fuerza y resistencia frente a las agresiones. Ayuda a mantener la salud y belleza del organismo, ayuda a que el cabello y la piel se mantengan brillantes, flexibles y no se resequen.<\/span><\/p>\n<p><b>Modo de uso<\/b><\/p>\n<p><span style=\"font-weight: 400;\">Verter 10 g (2 cucharaditas) de producto en un vaso con agua (200 ml.) y agitar hasta su total disoluci\u00f3n. Se recomienda una ingesta diaria.<\/span><\/p>\n","protected":false},"excerpt":{"rendered":"<p><span style=\"font-weight: 400;\">EI N-Col\u00e1geno Hidrolizado de Nutryness es de r\u00e1pida absorci\u00f3n, brinda acci\u00f3n ben\u00e9fica en la piel, cabello, u\u00f1as, articulaciones y organismo en general, debido a su alto contenido en amino\u00e1cidos<\/span><\/p>\n","protected":false},"featured_media":150,"comment_status":"open","ping_status":"closed","template":"","meta":{"site-sidebar-layout":"default","site-content-layout":"","ast-site-content-layout":"default","site-content-style":"default","site-sidebar-style":"default","ast-global-header-display":"","ast-banner-title-visibility":"","ast-main-header-display":"","ast-hfb-above-header-display":"","ast-hfb-below-header-display":"","ast-hfb-mobile-header-display":"","site-post-title":"","ast-breadcrumbs-content":"","ast-featured-img":"","footer-sml-layout":"","ast-disable-related-posts":"","theme-transparent-header-meta":"default","adv-header-id-meta":"","stick-header-meta":"","header-above-stick-meta":"","header-main-stick-meta":"","header-below-stick-meta":"","astra-migrate-meta-layouts":"set","ast-page-background-enabled":"default","ast-page-background-meta":{"desktop":{"background-color":"var(--ast-global-color-5)","background-image":"","background-repeat":"repeat","background-position":"center center","background-size":"auto","background-attachment":"scroll","background-type":"","background-media":"","overlay-type":"","overlay-color":"","overlay-opacity":"","overlay-gradient":""},"tablet":{"background-color":"","background-image":"","background-repeat":"repeat","background-position":"center center","background-size":"auto","background-attachment":"scroll","background-type":"","background-media":"","overlay-type":"","overlay-color":"","overlay-opacity":"","overlay-gradient":""},"mobile":{"background-color":"","background-image":"","background-repeat":"repeat","background-position":"center center","background-size":"auto","background-attachment":"scroll","background-type":"","background-media":"","overlay-type":"","overlay-color":"","overlay-opacity":"","overlay-gradient":""}},"ast-content-background-meta":{"desktop":{"background-color":"var(--ast-global-color-4)","background-image":"","background-repeat":"repeat","background-position":"center center","background-size":"auto","background-attachment":"scroll","background-type":"","background-media":"","overlay-type":"","overlay-color":"","overlay-opacity":"","overlay-gradient":""},"tablet":{"background-color":"var(--ast-global-color-4)","background-image":"","background-repeat":"repeat","background-position":"center center","background-size":"auto","background-attachment":"scroll","background-type":"","background-media":"","overlay-type":"","overlay-color":"","overlay-opacity":"","overlay-gradient":""},"mobile":{"background-color":"var(--ast-global-color-4)","background-image":"","background-repeat":"repeat","background-position":"center center","background-size":"auto","background-attachment":"scroll","background-type":"","background-media":"","overlay-type":"","overlay-color":"","overlay-opacity":"","overlay-gradient":""}}},"product_brand":[],"product_cat":[19,20],"product_tag":[],"class_list":{"0":"post-149","1":"product","2":"type-product","3":"status-publish","4":"has-post-thumbnail","6":"product_cat-belleza","7":"product_cat-productos","8":"desktop-align-left","9":"tablet-align-left","10":"mobile-align-left","12":"first","13":"instock","14":"shipping-taxable","15":"product-type-simple"},"jetpack_sharing_enabled":true,"_links":{"self":[{"href":"https:\/\/kactusdigital.com\/benja\/wp-json\/wp\/v2\/product\/149","targetHints":{"allow":["GET"]}}],"collection":[{"href":"https:\/\/kactusdigital.com\/benja\/wp-json\/wp\/v2\/product"}],"about":[{"href":"https:\/\/kactusdigital.com\/benja\/wp-json\/wp\/v2\/types\/product"}],"replies":[{"embeddable":true,"href":"https:\/\/kactusdigital.com\/benja\/wp-json\/wp\/v2\/comments?post=149"}],"wp:featuredmedia":[{"embeddable":true,"href":"https:\/\/kactusdigital.com\/benja\/wp-json\/wp\/v2\/media\/150"}],"wp:attachment":[{"href":"https:\/\/kactusdigital.com\/benja\/wp-json\/wp\/v2\/media?parent=149"}],"wp:term":[{"taxonomy":"product_brand","embeddable":true,"href":"https:\/\/kactusdigital.com\/benja\/wp-json\/wp\/v2\/product_brand?post=149"},{"taxonomy":"product_cat","embeddable":true,"href":"https:\/\/kactusdigital.com\/benja\/wp-json\/wp\/v2\/product_cat?post=149"},{"taxonomy":"product_tag","embeddable":true,"href":"https:\/\/kactusdigital.com\/benja\/wp-json\/wp\/v2\/product_tag?post=149"}],"curies":[{"name":"wp","href":"https:\/\/api.w.org\/{rel}","templated":true}]}}