{"id":141,"date":"2025-03-21T09:01:13","date_gmt":"2025-03-21T09:01:13","guid":{"rendered":"https:\/\/kactusdigital.com\/benja\/?post_type=product&#038;p=141"},"modified":"2025-03-21T09:24:07","modified_gmt":"2025-03-21T09:24:07","slug":"crema-facial-regeneradora","status":"publish","type":"product","link":"https:\/\/kactusdigital.com\/benja\/product\/crema-facial-regeneradora\/","title":{"rendered":"Crema Facial Regeneradora"},"content":{"rendered":"<p><span style=\"font-weight: 400;\">El Nasturtium officinale pose\u00e9 principalmente propiedades antioxidantes. Adem\u00e1s de capturar radicales libres presentes en los contaminantes ambientales que afectan la estructura de la piel y pueden alterar el aspecto de la misma creando l\u00edneas finas, manchas oscuras y arrugas. Reduce las infecciones como el acn\u00e9 causadas por las bacterias de la piel.<\/span><\/p>\n<p><span style=\"font-weight: 400;\">La lecitina hidrogenada aporta a la piel los \u00e1cidos grasos faltantes favoreciendo la humectaci\u00f3n. Una piel humectada es lo suficientemente fuerte como para combatir los est\u00edmulos perjudiciales para el medio ambiente y el estr\u00e9s.<\/span><\/p>\n<p><span style=\"font-weight: 400;\">El extracto de ortiga nutre y purifica la piel del rostro ayudando a controlar el acn\u00e9 en la piel grasa. La cola de caballo favorece la producci\u00f3n de col\u00e1geno, por lo tanto, favorece la calidad y elasticidad de la piel.<\/span><\/p>\n<p>&nbsp;<\/p>\n<p><b>Activos principales<\/b><\/p>\n<ul>\n<li><span style=\"font-weight: 400;\"> Extracto de ortiga<\/span><\/li>\n<\/ul>\n<p><span style=\"font-weight: 400;\">Extracto de cola de caballo<\/span><\/p>\n<ul>\n<li><span style=\"font-weight: 400;\"> Aceite de Arg\u00e1n<\/span><\/li>\n<\/ul>\n<p><b>Modo de uso<\/b><\/p>\n<p><span style=\"font-weight: 400;\">Aplicar sobre la piel limpia y seca dando ligeros golpecitos y un suave masaje para lograr una mejor absorci\u00f3n. Se puede utilizar tanto de d\u00eda como de noche.<\/span><\/p>\n","protected":false},"excerpt":{"rendered":"<p><span style=\"font-weight: 400;\">El Nasturtium officinale pose\u00e9 principalmente propiedades antioxidantes. Adem\u00e1s de capturar radicales libres presentes en los contaminantes ambientales que afectan la estructura de la piel<\/span><\/p>\n","protected":false},"featured_media":153,"comment_status":"open","ping_status":"closed","template":"","meta":{"site-sidebar-layout":"default","site-content-layout":"","ast-site-content-layout":"default","site-content-style":"default","site-sidebar-style":"default","ast-global-header-display":"","ast-banner-title-visibility":"","ast-main-header-display":"","ast-hfb-above-header-display":"","ast-hfb-below-header-display":"","ast-hfb-mobile-header-display":"","site-post-title":"","ast-breadcrumbs-content":"","ast-featured-img":"","footer-sml-layout":"","ast-disable-related-posts":"","theme-transparent-header-meta":"default","adv-header-id-meta":"","stick-header-meta":"","header-above-stick-meta":"","header-main-stick-meta":"","header-below-stick-meta":"","astra-migrate-meta-layouts":"set","ast-page-background-enabled":"default","ast-page-background-meta":{"desktop":{"background-color":"var(--ast-global-color-5)","background-image":"","background-repeat":"repeat","background-position":"center center","background-size":"auto","background-attachment":"scroll","background-type":"","background-media":"","overlay-type":"","overlay-color":"","overlay-opacity":"","overlay-gradient":""},"tablet":{"background-color":"","background-image":"","background-repeat":"repeat","background-position":"center center","background-size":"auto","background-attachment":"scroll","background-type":"","background-media":"","overlay-type":"","overlay-color":"","overlay-opacity":"","overlay-gradient":""},"mobile":{"background-color":"","background-image":"","background-repeat":"repeat","background-position":"center center","background-size":"auto","background-attachment":"scroll","background-type":"","background-media":"","overlay-type":"","overlay-color":"","overlay-opacity":"","overlay-gradient":""}},"ast-content-background-meta":{"desktop":{"background-color":"var(--ast-global-color-4)","background-image":"","background-repeat":"repeat","background-position":"center center","background-size":"auto","background-attachment":"scroll","background-type":"","background-media":"","overlay-type":"","overlay-color":"","overlay-opacity":"","overlay-gradient":""},"tablet":{"background-color":"var(--ast-global-color-4)","background-image":"","background-repeat":"repeat","background-position":"center center","background-size":"auto","background-attachment":"scroll","background-type":"","background-media":"","overlay-type":"","overlay-color":"","overlay-opacity":"","overlay-gradient":""},"mobile":{"background-color":"var(--ast-global-color-4)","background-image":"","background-repeat":"repeat","background-position":"center center","background-size":"auto","background-attachment":"scroll","background-type":"","background-media":"","overlay-type":"","overlay-color":"","overlay-opacity":"","overlay-gradient":""}}},"product_brand":[],"product_cat":[19,20],"product_tag":[],"class_list":{"0":"post-141","1":"product","2":"type-product","3":"status-publish","4":"has-post-thumbnail","6":"product_cat-belleza","7":"product_cat-productos","8":"desktop-align-left","9":"tablet-align-left","10":"mobile-align-left","12":"first","13":"instock","14":"shipping-taxable","15":"product-type-simple"},"jetpack_sharing_enabled":true,"_links":{"self":[{"href":"https:\/\/kactusdigital.com\/benja\/wp-json\/wp\/v2\/product\/141","targetHints":{"allow":["GET"]}}],"collection":[{"href":"https:\/\/kactusdigital.com\/benja\/wp-json\/wp\/v2\/product"}],"about":[{"href":"https:\/\/kactusdigital.com\/benja\/wp-json\/wp\/v2\/types\/product"}],"replies":[{"embeddable":true,"href":"https:\/\/kactusdigital.com\/benja\/wp-json\/wp\/v2\/comments?post=141"}],"wp:featuredmedia":[{"embeddable":true,"href":"https:\/\/kactusdigital.com\/benja\/wp-json\/wp\/v2\/media\/153"}],"wp:attachment":[{"href":"https:\/\/kactusdigital.com\/benja\/wp-json\/wp\/v2\/media?parent=141"}],"wp:term":[{"taxonomy":"product_brand","embeddable":true,"href":"https:\/\/kactusdigital.com\/benja\/wp-json\/wp\/v2\/product_brand?post=141"},{"taxonomy":"product_cat","embeddable":true,"href":"https:\/\/kactusdigital.com\/benja\/wp-json\/wp\/v2\/product_cat?post=141"},{"taxonomy":"product_tag","embeddable":true,"href":"https:\/\/kactusdigital.com\/benja\/wp-json\/wp\/v2\/product_tag?post=141"}],"curies":[{"name":"wp","href":"https:\/\/api.w.org\/{rel}","templated":true}]}}